{"id":41,"date":"2021-02-15T20:08:54","date_gmt":"2021-02-15T17:08:54","guid":{"rendered":"https:\/\/epromkopyalama.com\/?page_id=41"},"modified":"2021-02-15T21:38:27","modified_gmt":"2021-02-15T18:38:27","slug":"download","status":"publish","type":"page","link":"https:\/\/epromkopyalama.com\/en\/download\/","title":{"rendered":"DOWNLOAD"},"content":{"rendered":"","protected":false},"excerpt":{"rendered":"","protected":false},"author":1,"featured_media":0,"parent":0,"menu_order":0,"comment_status":"closed","ping_status":"closed","template":"","meta":{"footnotes":""},"class_list":["post-41","page","type-page","status-publish","hentry","description-off"],"yoast_head":"<!-- This site is optimized with the Yoast SEO Premium plugin v24.4 (Yoast SEO v24.4) - https:\/\/yoast.com\/wordpress\/plugins\/seo\/ -->\n<title>PRX Eprom Kopyalama &amp; PCB Klonlama Hizmetleri<\/title>\n<meta name=\"description\" content=\"EEprom Kopyalama, Eprom Kopyalama ,PCB Klonlama, PCB , PCB Kopyalama ,PCB \u00dcretimi, PCB Prototipleme, Entegre Kopyalama, Entegre, \u0130\u015flemci Kopyalama, Flash Kopyalama, Mikrodenetleyici , Mikrodenetleyici kopyalama, Mikrodenetleyici Mikroskopi G\u00f6r\u00fcnt\u00fcleme,- Bios Kopyalama, Eprom Programlama, Eprom Programlama Cihazlar\u0131, kart tamiri, elektronik kart tamiri, kart tamiri, s\u00fcr\u00fcc\u00fc tamiri, malzeme sat\u0131\u015f\u0131, kart imalat\u0131, teknik servis, elimizdeki mevcut epromlar\u0131n \u00e7al\u0131\u015f\u0131p \u00e7al\u0131\u015fmad\u0131\u011f\u0131n\u0131 anlamak , eprom testini yapacak yada yedekten kopyalayacak programlar, \u00c7ip Kopyalama, Programl\u0131 entegre klonlama, programl\u0131 entegre kopyalama, EEprom Copy, Eprom Copy, PCB Cloning, PCB, PCB Copy, PCB Manufacturing, PCB Prototyping, Integrated Copy, Integrated, Processor Copy, Flash Copy, Microcontroller, MCU Copy , Chip Copy, Programmed IC Copy, Programmed Integrated Circuits Copy, Microcontroller Microscopy Display, - Bios Copy, Eprom Programming, Eprom Programming Devices , card repair, electronic card repair, card repair, driver repair, material sales, card manufacturing, technical service, to understand whether the eproms we have are working, programs to do the eprom test or write from backup\" \/>\n<meta name=\"robots\" content=\"index, follow, max-snippet:-1, max-image-preview:large, max-video-preview:-1\" \/>\n<link rel=\"canonical\" href=\"https:\/\/epromkopyalama.com\/en\/download\/\" \/>\n<meta property=\"og:locale\" content=\"en_US\" \/>\n<meta property=\"og:type\" content=\"article\" \/>\n<meta property=\"og:title\" content=\"DOWNLOAD\" \/>\n<meta property=\"og:description\" content=\"EEprom Kopyalama, Eprom Kopyalama ,PCB Klonlama, PCB , PCB Kopyalama ,PCB \u00dcretimi, PCB Prototipleme, Entegre Kopyalama, Entegre, \u0130\u015flemci Kopyalama, Flash Kopyalama, Mikrodenetleyici , Mikrodenetleyici kopyalama, Mikrodenetleyici Mikroskopi G\u00f6r\u00fcnt\u00fcleme,- Bios Kopyalama, Eprom Programlama, Eprom Programlama Cihazlar\u0131, kart tamiri, elektronik kart tamiri, kart tamiri, s\u00fcr\u00fcc\u00fc tamiri, malzeme sat\u0131\u015f\u0131, kart imalat\u0131, teknik servis, elimizdeki mevcut epromlar\u0131n \u00e7al\u0131\u015f\u0131p \u00e7al\u0131\u015fmad\u0131\u011f\u0131n\u0131 anlamak , eprom testini yapacak yada yedekten kopyalayacak programlar, \u00c7ip Kopyalama, Programl\u0131 entegre klonlama, programl\u0131 entegre kopyalama, EEprom Copy, Eprom Copy, PCB Cloning, PCB, PCB Copy, PCB Manufacturing, PCB Prototyping, Integrated Copy, Integrated, Processor Copy, Flash Copy, Microcontroller, MCU Copy , Chip Copy, Programmed IC Copy, Programmed Integrated Circuits Copy, Microcontroller Microscopy Display, - Bios Copy, Eprom Programming, Eprom Programming Devices , card repair, electronic card repair, card repair, driver repair, material sales, card manufacturing, technical service, to understand whether the eproms we have are working, programs to do the eprom test or write from backup\" \/>\n<meta property=\"og:url\" content=\"https:\/\/epromkopyalama.com\/en\/download\/\" \/>\n<meta property=\"og:site_name\" content=\"PRX Eprom Kopyalama &amp; PCB Klonlama Hizmetleri\" \/>\n<meta property=\"article:modified_time\" content=\"2021-02-15T18:38:27+00:00\" \/>\n<meta name=\"twitter:card\" content=\"summary_large_image\" \/>\n<script type=\"application\/ld+json\" class=\"yoast-schema-graph\">{\"@context\":\"https:\/\/schema.org\",\"@graph\":[{\"@type\":\"WebPage\",\"@id\":\"https:\/\/epromkopyalama.com\/en\/download\/\",\"url\":\"https:\/\/epromkopyalama.com\/en\/download\/\",\"name\":\"PRX Eprom Kopyalama &amp; PCB Klonlama Hizmetleri\",\"isPartOf\":{\"@id\":\"https:\/\/epromkopyalama.com\/en\/#website\"},\"datePublished\":\"2021-02-15T17:08:54+00:00\",\"dateModified\":\"2021-02-15T18:38:27+00:00\",\"description\":\"EEprom Kopyalama, Eprom Kopyalama ,PCB Klonlama, PCB , PCB Kopyalama ,PCB \u00dcretimi, PCB Prototipleme, Entegre Kopyalama, Entegre, \u0130\u015flemci Kopyalama, Flash Kopyalama, Mikrodenetleyici , Mikrodenetleyici kopyalama, Mikrodenetleyici Mikroskopi G\u00f6r\u00fcnt\u00fcleme,- Bios Kopyalama, Eprom Programlama, Eprom Programlama Cihazlar\u0131, kart tamiri, elektronik kart tamiri, kart tamiri, s\u00fcr\u00fcc\u00fc tamiri, malzeme sat\u0131\u015f\u0131, kart imalat\u0131, teknik servis, elimizdeki mevcut epromlar\u0131n \u00e7al\u0131\u015f\u0131p \u00e7al\u0131\u015fmad\u0131\u011f\u0131n\u0131 anlamak , eprom testini yapacak yada yedekten kopyalayacak programlar, \u00c7ip Kopyalama, Programl\u0131 entegre klonlama, programl\u0131 entegre kopyalama, EEprom Copy, Eprom Copy, PCB Cloning, PCB, PCB Copy, PCB Manufacturing, PCB Prototyping, Integrated Copy, Integrated, Processor Copy, Flash Copy, Microcontroller, MCU Copy , Chip Copy, Programmed IC Copy, Programmed Integrated Circuits Copy, Microcontroller Microscopy Display, - Bios Copy, Eprom Programming, Eprom Programming Devices , card repair, electronic card repair, card repair, driver repair, material sales, card manufacturing, technical service, to understand whether the eproms we have are working, programs to do the eprom test or write from backup\",\"breadcrumb\":{\"@id\":\"https:\/\/epromkopyalama.com\/en\/download\/#breadcrumb\"},\"inLanguage\":\"en-US\",\"potentialAction\":[{\"@type\":\"ReadAction\",\"target\":[\"https:\/\/epromkopyalama.com\/en\/download\/\"]}]},{\"@type\":\"BreadcrumbList\",\"@id\":\"https:\/\/epromkopyalama.com\/en\/download\/#breadcrumb\",\"itemListElement\":[{\"@type\":\"ListItem\",\"position\":1,\"name\":\"Eprom Kopyalama PCB Kopyalama\",\"item\":\"https:\/\/epromkopyalama.com\/en\/\"},{\"@type\":\"ListItem\",\"position\":2,\"name\":\"DOWNLOAD\"}]},{\"@type\":\"WebSite\",\"@id\":\"https:\/\/epromkopyalama.com\/en\/#website\",\"url\":\"https:\/\/epromkopyalama.com\/en\/\",\"name\":\"PRX Eprom Kopyalama &amp; PCB Klonlama Hizmetleri\",\"description\":\"PRX Eprom Kopyalama &amp; PCB Klonlama Hizmetleri\",\"potentialAction\":[{\"@type\":\"SearchAction\",\"target\":{\"@type\":\"EntryPoint\",\"urlTemplate\":\"https:\/\/epromkopyalama.com\/en\/?s={search_term_string}\"},\"query-input\":{\"@type\":\"PropertyValueSpecification\",\"valueRequired\":true,\"valueName\":\"search_term_string\"}}],\"inLanguage\":\"en-US\"}]}<\/script>\n<!-- \/ Yoast SEO Premium plugin. -->","yoast_head_json":{"title":"PRX Eprom Kopyalama &amp; PCB Klonlama Hizmetleri","description":"EEprom Kopyalama, Eprom Kopyalama ,PCB Klonlama, PCB , PCB Kopyalama ,PCB \u00dcretimi, PCB Prototipleme, Entegre Kopyalama, Entegre, \u0130\u015flemci Kopyalama, Flash Kopyalama, Mikrodenetleyici , Mikrodenetleyici kopyalama, Mikrodenetleyici Mikroskopi G\u00f6r\u00fcnt\u00fcleme,- Bios Kopyalama, Eprom Programlama, Eprom Programlama Cihazlar\u0131, kart tamiri, elektronik kart tamiri, kart tamiri, s\u00fcr\u00fcc\u00fc tamiri, malzeme sat\u0131\u015f\u0131, kart imalat\u0131, teknik servis, elimizdeki mevcut epromlar\u0131n \u00e7al\u0131\u015f\u0131p \u00e7al\u0131\u015fmad\u0131\u011f\u0131n\u0131 anlamak , eprom testini yapacak yada yedekten kopyalayacak programlar, \u00c7ip Kopyalama, Programl\u0131 entegre klonlama, programl\u0131 entegre kopyalama, EEprom Copy, Eprom Copy, PCB Cloning, PCB, PCB Copy, PCB Manufacturing, PCB Prototyping, Integrated Copy, Integrated, Processor Copy, Flash Copy, Microcontroller, MCU Copy , Chip Copy, Programmed IC Copy, Programmed Integrated Circuits Copy, Microcontroller Microscopy Display, - Bios Copy, Eprom Programming, Eprom Programming Devices , card repair, electronic card repair, card repair, driver repair, material sales, card manufacturing, technical service, to understand whether the eproms we have are working, programs to do the eprom test or write from backup","robots":{"index":"index","follow":"follow","max-snippet":"max-snippet:-1","max-image-preview":"max-image-preview:large","max-video-preview":"max-video-preview:-1"},"canonical":"https:\/\/epromkopyalama.com\/en\/download\/","og_locale":"en_US","og_type":"article","og_title":"DOWNLOAD","og_description":"EEprom Kopyalama, Eprom Kopyalama ,PCB Klonlama, PCB , PCB Kopyalama ,PCB \u00dcretimi, PCB Prototipleme, Entegre Kopyalama, Entegre, \u0130\u015flemci Kopyalama, Flash Kopyalama, Mikrodenetleyici , Mikrodenetleyici kopyalama, Mikrodenetleyici Mikroskopi G\u00f6r\u00fcnt\u00fcleme,- Bios Kopyalama, Eprom Programlama, Eprom Programlama Cihazlar\u0131, kart tamiri, elektronik kart tamiri, kart tamiri, s\u00fcr\u00fcc\u00fc tamiri, malzeme sat\u0131\u015f\u0131, kart imalat\u0131, teknik servis, elimizdeki mevcut epromlar\u0131n \u00e7al\u0131\u015f\u0131p \u00e7al\u0131\u015fmad\u0131\u011f\u0131n\u0131 anlamak , eprom testini yapacak yada yedekten kopyalayacak programlar, \u00c7ip Kopyalama, Programl\u0131 entegre klonlama, programl\u0131 entegre kopyalama, EEprom Copy, Eprom Copy, PCB Cloning, PCB, PCB Copy, PCB Manufacturing, PCB Prototyping, Integrated Copy, Integrated, Processor Copy, Flash Copy, Microcontroller, MCU Copy , Chip Copy, Programmed IC Copy, Programmed Integrated Circuits Copy, Microcontroller Microscopy Display, - Bios Copy, Eprom Programming, Eprom Programming Devices , card repair, electronic card repair, card repair, driver repair, material sales, card manufacturing, technical service, to understand whether the eproms we have are working, programs to do the eprom test or write from backup","og_url":"https:\/\/epromkopyalama.com\/en\/download\/","og_site_name":"PRX Eprom Kopyalama &amp; PCB Klonlama Hizmetleri","article_modified_time":"2021-02-15T18:38:27+00:00","twitter_card":"summary_large_image","schema":{"@context":"https:\/\/schema.org","@graph":[{"@type":"WebPage","@id":"https:\/\/epromkopyalama.com\/en\/download\/","url":"https:\/\/epromkopyalama.com\/en\/download\/","name":"PRX Eprom Kopyalama &amp; PCB Klonlama Hizmetleri","isPartOf":{"@id":"https:\/\/epromkopyalama.com\/en\/#website"},"datePublished":"2021-02-15T17:08:54+00:00","dateModified":"2021-02-15T18:38:27+00:00","description":"EEprom Kopyalama, Eprom Kopyalama ,PCB Klonlama, PCB , PCB Kopyalama ,PCB \u00dcretimi, PCB Prototipleme, Entegre Kopyalama, Entegre, \u0130\u015flemci Kopyalama, Flash Kopyalama, Mikrodenetleyici , Mikrodenetleyici kopyalama, Mikrodenetleyici Mikroskopi G\u00f6r\u00fcnt\u00fcleme,- Bios Kopyalama, Eprom Programlama, Eprom Programlama Cihazlar\u0131, kart tamiri, elektronik kart tamiri, kart tamiri, s\u00fcr\u00fcc\u00fc tamiri, malzeme sat\u0131\u015f\u0131, kart imalat\u0131, teknik servis, elimizdeki mevcut epromlar\u0131n \u00e7al\u0131\u015f\u0131p \u00e7al\u0131\u015fmad\u0131\u011f\u0131n\u0131 anlamak , eprom testini yapacak yada yedekten kopyalayacak programlar, \u00c7ip Kopyalama, Programl\u0131 entegre klonlama, programl\u0131 entegre kopyalama, EEprom Copy, Eprom Copy, PCB Cloning, PCB, PCB Copy, PCB Manufacturing, PCB Prototyping, Integrated Copy, Integrated, Processor Copy, Flash Copy, Microcontroller, MCU Copy , Chip Copy, Programmed IC Copy, Programmed Integrated Circuits Copy, Microcontroller Microscopy Display, - Bios Copy, Eprom Programming, Eprom Programming Devices , card repair, electronic card repair, card repair, driver repair, material sales, card manufacturing, technical service, to understand whether the eproms we have are working, programs to do the eprom test or write from backup","breadcrumb":{"@id":"https:\/\/epromkopyalama.com\/en\/download\/#breadcrumb"},"inLanguage":"en-US","potentialAction":[{"@type":"ReadAction","target":["https:\/\/epromkopyalama.com\/en\/download\/"]}]},{"@type":"BreadcrumbList","@id":"https:\/\/epromkopyalama.com\/en\/download\/#breadcrumb","itemListElement":[{"@type":"ListItem","position":1,"name":"Eprom Kopyalama PCB Kopyalama","item":"https:\/\/epromkopyalama.com\/en\/"},{"@type":"ListItem","position":2,"name":"DOWNLOAD"}]},{"@type":"WebSite","@id":"https:\/\/epromkopyalama.com\/en\/#website","url":"https:\/\/epromkopyalama.com\/en\/","name":"PRX Eprom Kopyalama &amp; PCB Klonlama Hizmetleri","description":"PRX Eprom Kopyalama &amp; PCB Klonlama Hizmetleri","potentialAction":[{"@type":"SearchAction","target":{"@type":"EntryPoint","urlTemplate":"https:\/\/epromkopyalama.com\/en\/?s={search_term_string}"},"query-input":{"@type":"PropertyValueSpecification","valueRequired":true,"valueName":"search_term_string"}}],"inLanguage":"en-US"}]}},"_links":{"self":[{"href":"https:\/\/epromkopyalama.com\/en\/wp-json\/wp\/v2\/pages\/41","targetHints":{"allow":["GET"]}}],"collection":[{"href":"https:\/\/epromkopyalama.com\/en\/wp-json\/wp\/v2\/pages"}],"about":[{"href":"https:\/\/epromkopyalama.com\/en\/wp-json\/wp\/v2\/types\/page"}],"author":[{"embeddable":true,"href":"https:\/\/epromkopyalama.com\/en\/wp-json\/wp\/v2\/users\/1"}],"replies":[{"embeddable":true,"href":"https:\/\/epromkopyalama.com\/en\/wp-json\/wp\/v2\/comments?post=41"}],"version-history":[{"count":2,"href":"https:\/\/epromkopyalama.com\/en\/wp-json\/wp\/v2\/pages\/41\/revisions"}],"predecessor-version":[{"id":97,"href":"https:\/\/epromkopyalama.com\/en\/wp-json\/wp\/v2\/pages\/41\/revisions\/97"}],"wp:attachment":[{"href":"https:\/\/epromkopyalama.com\/en\/wp-json\/wp\/v2\/media?parent=41"}],"curies":[{"name":"wp","href":"https:\/\/api.w.org\/{rel}","templated":true}]}}