{"id":289,"date":"2021-02-16T20:56:39","date_gmt":"2021-02-16T17:56:39","guid":{"rendered":"https:\/\/epromkopyalama.com\/?page_id=289"},"modified":"2021-02-16T20:56:53","modified_gmt":"2021-02-16T17:56:53","slug":"tenx","status":"publish","type":"page","link":"https:\/\/epromkopyalama.com\/en\/tenx\/","title":{"rendered":"TENX MICROCONTROLLER UNLOCK"},"content":{"rendered":"<div class=\"wpb-content-wrapper\"><p>[vc_row type=&#8221;vc_default&#8221; full_width=&#8221;stretch_row_content&#8221; content_placement=&#8221;top&#8221; animation=&#8221;flash&#8221; full_width_row=&#8221;true&#8221; bg_type=&#8221;bg_color&#8221; bg_override=&#8221;full&#8221; fadeout_row=&#8221;fadeout_row_value&#8221; bg_color_value=&#8221;#81d742&#8243; css=&#8221;.vc_custom_1613491173429{margin-top: -50px !important;padding-left: 50px !important;}&#8221;][vc_column][vc_column_text]<\/p>\n<h3 style=\"text-align: center;\">Anything They Make We Can Unlock!<\/h3>\n<p>[\/vc_column_text][\/vc_column][\/vc_row][vc_row][vc_column width=&#8221;1\/3&#8243;][vc_tta_tabs][vc_tta_section tab_id=&#8221;1613416414168-d0eb68f5-72a3&#8243; title=&#8221;PCB &amp; MCU SERVICE&#8221;][vc_row_inner][vc_column_inner width=&#8221;1\/4&#8243;][vc_icon icon_fontawesome=&#8221;fas fa-microchip&#8221; color=&#8221;turquoise&#8221; size=&#8221;xl&#8221; link=&#8221;url:https%3A%2F%2Fepromkopyalama.com%2Fmcu-decap%2F|title:MCU%20DECAP%20AND%20DEPACKAGING&#8221;][\/vc_column_inner][vc_column_inner width=&#8221;3\/4&#8243;][vc_custom_heading text=&#8221;Chip Decap&#8221; font_container=&#8221;tag:h4|text_align:left&#8221; use_theme_fonts=&#8221;yes&#8221; link=&#8221;url:https%3A%2F%2Fepromkopyalama.com%2Fmcu-decap%2F&#8221;][vc_column_text css=&#8221;.vc_custom_1613417867497{margin-top: 20px !important;}&#8221;]<em>We provide semiconductor decapping and depackaging service<\/em>[\/vc_column_text][\/vc_column_inner][\/vc_row_inner][vc_separator style=&#8221;dotted&#8221; border_width=&#8221;4&#8243;][vc_row_inner][vc_column_inner width=&#8221;1\/4&#8243;][vc_icon icon_fontawesome=&#8221;fas fa-camera&#8221; color=&#8221;turquoise&#8221; size=&#8221;xl&#8221; link=&#8221;url:https%3A%2F%2Fepromkopyalama.com%2Fmcu-om-microscopy%2F|title:MCU%20OPTIC%20MICROSCOPE%20IMAGING&#8221;][\/vc_column_inner][vc_column_inner width=&#8221;3\/4&#8243;][vc_custom_heading text=&#8221;Silicon Microscopy&#8221; font_container=&#8221;tag:h4|text_align:left&#8221; use_theme_fonts=&#8221;yes&#8221; link=&#8221;url:https%3A%2F%2Fepromkopyalama.com%2Fmcu-om-microscopy%2F|title:MCU%20OPTIC%20MICROSCOPE%20IMAGING&#8221;][vc_column_text css=&#8221;.vc_custom_1613417860710{margin-top: 20px !important;}&#8221;]<em>Optic Microscope imaging of the chip silicon wafer.<\/em>[\/vc_column_text][\/vc_column_inner][\/vc_row_inner][vc_separator style=&#8221;dotted&#8221; border_width=&#8221;4&#8243;][vc_row_inner][vc_column_inner width=&#8221;1\/4&#8243;][vc_icon icon_fontawesome=&#8221;fas fa-unlock-alt&#8221; color=&#8221;turquoise&#8221; size=&#8221;xl&#8221; link=&#8221;url:https%3A%2F%2Fepromkopyalama.com%2Fmcu-om-microscopy%2F|title:MCU%20OPTIC%20MICROSCOPE%20IMAGING&#8221;][\/vc_column_inner][vc_column_inner width=&#8221;3\/4&#8243;][vc_custom_heading text=&#8221;MCU Unlock&#8221; font_container=&#8221;tag:h4|text_align:left&#8221; use_theme_fonts=&#8221;yes&#8221; link=&#8221;url:https%3A%2F%2Fepromkopyalama.com%2Fmcu-unlock%2F|title:MCU%20OPTIC%20MICROSCOPE%20IMAGING&#8221;][vc_column_text css=&#8221;.vc_custom_1613417850404{margin-top: 20px !important;}&#8221;]<em>Unlock microcontroller and extract the program inside.<\/em>[\/vc_column_text][\/vc_column_inner][\/vc_row_inner][vc_separator style=&#8221;dotted&#8221; border_width=&#8221;4&#8243;][vc_row_inner][vc_column_inner width=&#8221;1\/4&#8243;][vc_icon icon_fontawesome=&#8221;fas fa-vector-square&#8221; color=&#8221;turquoise&#8221; size=&#8221;xl&#8221; link=&#8221;url:https%3A%2F%2Fepromkopyalama.com%2Fmcu-om-microscopy%2F|title:MCU%20OPTIC%20MICROSCOPE%20IMAGING&#8221;][\/vc_column_inner][vc_column_inner width=&#8221;3\/4&#8243;][vc_custom_heading text=&#8221;PCB Clone&#8221; font_container=&#8221;tag:h4|text_align:left&#8221; use_theme_fonts=&#8221;yes&#8221; link=&#8221;url:https%3A%2F%2Fepromkopyalama.com%2Fpcb-clone%2F&#8221;][vc_column_text css=&#8221;.vc_custom_1613417850404{margin-top: 20px !important;}&#8221;]<em>Unlock microcontroller and extract the program inside.<\/em>[\/vc_column_text][\/vc_column_inner][\/vc_row_inner][vc_separator style=&#8221;dotted&#8221; border_width=&#8221;4&#8243;][vc_row_inner][vc_column_inner width=&#8221;1\/4&#8243;][vc_icon icon_fontawesome=&#8221;fas fa-clone&#8221; color=&#8221;turquoise&#8221; size=&#8221;xl&#8221; link=&#8221;url:https%3A%2F%2Fepromkopyalama.com%2Fmcu-om-microscopy%2F|title:MCU%20OPTIC%20MICROSCOPE%20IMAGING&#8221;][\/vc_column_inner][vc_column_inner width=&#8221;3\/4&#8243;][vc_custom_heading text=&#8221;PCB Prototype&#8221; font_container=&#8221;tag:h4|text_align:left&#8221; use_theme_fonts=&#8221;yes&#8221; link=&#8221;url:https%3A%2F%2Fepromkopyalama.com%2Fpcb-prototpye%2F&#8221;][vc_column_text css=&#8221;.vc_custom_1613418310749{margin-top: 20px !important;}&#8221;]<em>Make PCB prototype from the Schematics &amp; BOM cloned from your sample<\/em>[\/vc_column_text][\/vc_column_inner][\/vc_row_inner][vc_row_inner][vc_column_inner width=&#8221;1\/4&#8243;][vc_icon icon_fontawesome=&#8221;fas fa-users-cog&#8221; color=&#8221;turquoise&#8221; size=&#8221;xl&#8221; link=&#8221;url:https%3A%2F%2Fepromkopyalama.com%2Fmcu-om-microscopy%2F|title:MCU%20OPTIC%20MICROSCOPE%20IMAGING&#8221;][\/vc_column_inner][vc_column_inner width=&#8221;3\/4&#8243;][vc_custom_heading text=&#8221;PCB Production&#8221; font_container=&#8221;tag:h4|text_align:left&#8221; use_theme_fonts=&#8221;yes&#8221; link=&#8221;url:https%3A%2F%2Fepromkopyalama.com%2Fpcb-production%2F&#8221;][vc_column_text css=&#8221;.vc_custom_1613418381949{margin-top: 20px !important;}&#8221;]<em>Mass production of PCB including compnents purchasing, SMT &amp; pre-production sample making<\/em>[\/vc_column_text][\/vc_column_inner][\/vc_row_inner][vc_separator style=&#8221;dotted&#8221; border_width=&#8221;4&#8243;][\/vc_tta_section][\/vc_tta_tabs][\/vc_column][vc_column width=&#8221;2\/3&#8243;][vc_column_text]<\/p>\n<h4>Tenx TMxx Series:<\/h4>\n<p>TM58P05SDC TM58P05SSC TM58P10SC TM58P10SDC TM58P10SIC TM58P10SSC TM58P10SDIC TM58P11 TM58P20DC TM58P20SC TM58P16 TM58PC10 TM8795 TP66P06 TMU3100DC TM58P05 TM58P10 TM58P11 TM58P20 TM58PA20 TM58PC10 TM58PC20 TM58PE10 TM58PR10 TM58PR11 TM59PA40 TM8795 TMU3100 TMU3102 TP66P06 &#8230;[\/vc_column_text][vc_message]Please visit the\u00a0<strong>MCU lists above<\/strong> to find your IC part number, however, it is quite impossible to list all the part numbers PRX can unlock here, and PRX is always researching new types of microcontrollers, but may not be able to update them here, also we have development schedule, even we had not done your type before, we can research to fit your demand, if you do not find your chip type here, please contact us.[\/vc_message][vc_text_separator title=&#8221;&#8221; i_icon_fontawesome=&#8221;fas fa-info-circle&#8221; add_icon=&#8221;true&#8221;][vc_column_text]<\/p>\n<h4>About Tenx:<\/h4>\n<p>Tenx Technology, Inc. develops, manufactures, and markets ICs (integrated circuits). The Company&#8217;s products are used in personal computers, peripheral controls, and consumer and communication[\/vc_column_text][\/vc_column][\/vc_row]<\/p>\n<\/div>","protected":false},"excerpt":{"rendered":"<p>[vc_row type=&#8221;vc_default&#8221; full_width=&#8221;stretch_row_content&#8221; content_placement=&#8221;top&#8221; animation=&#8221;flash&#8221; full_width_row=&#8221;true&#8221; bg_type=&#8221;bg_color&#8221; bg_override=&#8221;full&#8221; fadeout_row=&#8221;fadeout_row_value&#8221; bg_color_value=&#8221;#81d742&#8243; css=&#8221;.vc_custom_1613491173429{margin-top: -50px !important;padding-left: 50px !important;}&#8221;][vc_column][vc_column_text] Anything They Make We Can Unlock! [\/vc_column_text][\/vc_column][\/vc_row][vc_row][vc_column width=&#8221;1\/3&#8243;][vc_tta_tabs][vc_tta_section tab_id=&#8221;1613416414168-d0eb68f5-72a3&#8243; title=&#8221;PCB &amp; MCU SERVICE&#8221;][vc_row_inner][vc_column_inner width=&#8221;1\/4&#8243;][vc_icon icon_fontawesome=&#8221;fas fa-microchip&#8221; color=&#8221;turquoise&#8221; size=&#8221;xl&#8221; link=&#8221;url:https%3A%2F%2Fepromkopyalama.com%2Fmcu-decap%2F|title:MCU%20DECAP%20AND%20DEPACKAGING&#8221;][\/vc_column_inner][vc_column_inner width=&#8221;3\/4&#8243;][vc_custom_heading text=&#8221;Chip Decap&#8221; font_container=&#8221;tag:h4|text_align:left&#8221; use_theme_fonts=&#8221;yes&#8221; link=&#8221;url:https%3A%2F%2Fepromkopyalama.com%2Fmcu-decap%2F&#8221;][vc_column_text css=&#8221;.vc_custom_1613417867497{margin-top: 20px !important;}&#8221;]We provide semiconductor decapping and depackaging service[\/vc_column_text][\/vc_column_inner][\/vc_row_inner][vc_separator style=&#8221;dotted&#8221; border_width=&#8221;4&#8243;][vc_row_inner][vc_column_inner width=&#8221;1\/4&#8243;][vc_icon icon_fontawesome=&#8221;fas fa-camera&#8221; color=&#8221;turquoise&#8221;&hellip;<\/p>\n","protected":false},"author":1,"featured_media":0,"parent":0,"menu_order":0,"comment_status":"closed","ping_status":"closed","template":"","meta":{"footnotes":""},"class_list":["post-289","page","type-page","status-publish","hentry","description-off"],"yoast_head":"<!-- This site is optimized with the Yoast SEO Premium plugin v24.4 (Yoast SEO v24.4) - https:\/\/yoast.com\/wordpress\/plugins\/seo\/ -->\n<title>PRX Eprom Kopyalama &amp; PCB Klonlama Hizmetleri<\/title>\n<meta name=\"description\" content=\"EEprom Kopyalama, Eprom Kopyalama ,PCB Klonlama, PCB , PCB Kopyalama ,PCB \u00dcretimi, PCB Prototipleme, Entegre Kopyalama, Entegre, \u0130\u015flemci Kopyalama, Flash Kopyalama, Mikrodenetleyici , Mikrodenetleyici kopyalama, Mikrodenetleyici Mikroskopi G\u00f6r\u00fcnt\u00fcleme,- Bios Kopyalama, Eprom Programlama, Eprom Programlama Cihazlar\u0131, kart tamiri, elektronik kart tamiri, kart tamiri, s\u00fcr\u00fcc\u00fc tamiri, malzeme sat\u0131\u015f\u0131, kart imalat\u0131, teknik servis, elimizdeki mevcut epromlar\u0131n \u00e7al\u0131\u015f\u0131p \u00e7al\u0131\u015fmad\u0131\u011f\u0131n\u0131 anlamak , eprom testini yapacak yada yedekten kopyalayacak programlar, \u00c7ip Kopyalama, Programl\u0131 entegre klonlama, programl\u0131 entegre kopyalama, EEprom Copy, Eprom Copy, PCB Cloning, PCB, PCB Copy, PCB Manufacturing, PCB Prototyping, Integrated Copy, Integrated, Processor Copy, Flash Copy, Microcontroller, MCU Copy , Chip Copy, Programmed IC Copy, Programmed Integrated Circuits Copy, Microcontroller Microscopy Display, - Bios Copy, Eprom Programming, Eprom Programming Devices , card repair, electronic card repair, card repair, driver repair, material sales, card manufacturing, technical service, to understand whether the eproms we have are working, programs to do the eprom test or write from backup\" \/>\n<meta name=\"robots\" content=\"index, follow, max-snippet:-1, max-image-preview:large, max-video-preview:-1\" \/>\n<link rel=\"canonical\" href=\"https:\/\/epromkopyalama.com\/en\/tenx\/\" \/>\n<meta property=\"og:locale\" content=\"en_US\" \/>\n<meta property=\"og:type\" content=\"article\" \/>\n<meta property=\"og:title\" content=\"TENX MICROCONTROLLER UNLOCK\" \/>\n<meta property=\"og:description\" content=\"EEprom Kopyalama, Eprom Kopyalama ,PCB Klonlama, PCB , PCB Kopyalama ,PCB \u00dcretimi, PCB Prototipleme, Entegre Kopyalama, Entegre, \u0130\u015flemci Kopyalama, Flash Kopyalama, Mikrodenetleyici , Mikrodenetleyici kopyalama, Mikrodenetleyici Mikroskopi G\u00f6r\u00fcnt\u00fcleme,- Bios Kopyalama, Eprom Programlama, Eprom Programlama Cihazlar\u0131, kart tamiri, elektronik kart tamiri, kart tamiri, s\u00fcr\u00fcc\u00fc tamiri, malzeme sat\u0131\u015f\u0131, kart imalat\u0131, teknik servis, elimizdeki mevcut epromlar\u0131n \u00e7al\u0131\u015f\u0131p \u00e7al\u0131\u015fmad\u0131\u011f\u0131n\u0131 anlamak , eprom testini yapacak yada yedekten kopyalayacak programlar, \u00c7ip Kopyalama, Programl\u0131 entegre klonlama, programl\u0131 entegre kopyalama, EEprom Copy, Eprom Copy, PCB Cloning, PCB, PCB Copy, PCB Manufacturing, PCB Prototyping, Integrated Copy, Integrated, Processor Copy, Flash Copy, Microcontroller, MCU Copy , Chip Copy, Programmed IC Copy, Programmed Integrated Circuits Copy, Microcontroller Microscopy Display, - Bios Copy, Eprom Programming, Eprom Programming Devices , card repair, electronic card repair, card repair, driver repair, material sales, card manufacturing, technical service, to understand whether the eproms we have are working, programs to do the eprom test or write from backup\" \/>\n<meta property=\"og:url\" content=\"https:\/\/epromkopyalama.com\/en\/tenx\/\" \/>\n<meta property=\"og:site_name\" content=\"PRX Eprom Kopyalama &amp; PCB Klonlama Hizmetleri\" \/>\n<meta property=\"article:modified_time\" content=\"2021-02-16T17:56:53+00:00\" \/>\n<meta name=\"twitter:card\" content=\"summary_large_image\" \/>\n<meta name=\"twitter:label1\" content=\"Est. reading time\" \/>\n\t<meta name=\"twitter:data1\" content=\"4 minutes\" \/>\n<script type=\"application\/ld+json\" class=\"yoast-schema-graph\">{\"@context\":\"https:\/\/schema.org\",\"@graph\":[{\"@type\":\"WebPage\",\"@id\":\"https:\/\/epromkopyalama.com\/en\/tenx\/\",\"url\":\"https:\/\/epromkopyalama.com\/en\/tenx\/\",\"name\":\"PRX Eprom Kopyalama &amp; PCB Klonlama Hizmetleri\",\"isPartOf\":{\"@id\":\"https:\/\/epromkopyalama.com\/en\/#website\"},\"datePublished\":\"2021-02-16T17:56:39+00:00\",\"dateModified\":\"2021-02-16T17:56:53+00:00\",\"description\":\"EEprom Kopyalama, Eprom Kopyalama ,PCB Klonlama, PCB , PCB Kopyalama ,PCB \u00dcretimi, PCB Prototipleme, Entegre Kopyalama, Entegre, \u0130\u015flemci Kopyalama, Flash Kopyalama, Mikrodenetleyici , Mikrodenetleyici kopyalama, Mikrodenetleyici Mikroskopi G\u00f6r\u00fcnt\u00fcleme,- Bios Kopyalama, Eprom Programlama, Eprom Programlama Cihazlar\u0131, kart tamiri, elektronik kart tamiri, kart tamiri, s\u00fcr\u00fcc\u00fc tamiri, malzeme sat\u0131\u015f\u0131, kart imalat\u0131, teknik servis, elimizdeki mevcut epromlar\u0131n \u00e7al\u0131\u015f\u0131p \u00e7al\u0131\u015fmad\u0131\u011f\u0131n\u0131 anlamak , eprom testini yapacak yada yedekten kopyalayacak programlar, \u00c7ip Kopyalama, Programl\u0131 entegre klonlama, programl\u0131 entegre kopyalama, EEprom Copy, Eprom Copy, PCB Cloning, PCB, PCB Copy, PCB Manufacturing, PCB Prototyping, Integrated Copy, Integrated, Processor Copy, Flash Copy, Microcontroller, MCU Copy , Chip Copy, Programmed IC Copy, Programmed Integrated Circuits Copy, Microcontroller Microscopy Display, - Bios Copy, Eprom Programming, Eprom Programming Devices , card repair, electronic card repair, card repair, driver repair, material sales, card manufacturing, technical service, to understand whether the eproms we have are working, programs to do the eprom test or write from backup\",\"breadcrumb\":{\"@id\":\"https:\/\/epromkopyalama.com\/en\/tenx\/#breadcrumb\"},\"inLanguage\":\"en-US\",\"potentialAction\":[{\"@type\":\"ReadAction\",\"target\":[\"https:\/\/epromkopyalama.com\/en\/tenx\/\"]}]},{\"@type\":\"BreadcrumbList\",\"@id\":\"https:\/\/epromkopyalama.com\/en\/tenx\/#breadcrumb\",\"itemListElement\":[{\"@type\":\"ListItem\",\"position\":1,\"name\":\"Eprom Kopyalama PCB Kopyalama\",\"item\":\"https:\/\/epromkopyalama.com\/en\/\"},{\"@type\":\"ListItem\",\"position\":2,\"name\":\"TENX MICROCONTROLLER UNLOCK\"}]},{\"@type\":\"WebSite\",\"@id\":\"https:\/\/epromkopyalama.com\/en\/#website\",\"url\":\"https:\/\/epromkopyalama.com\/en\/\",\"name\":\"PRX Eprom Kopyalama &amp; PCB Klonlama Hizmetleri\",\"description\":\"PRX Eprom Kopyalama &amp; PCB Klonlama Hizmetleri\",\"potentialAction\":[{\"@type\":\"SearchAction\",\"target\":{\"@type\":\"EntryPoint\",\"urlTemplate\":\"https:\/\/epromkopyalama.com\/en\/?s={search_term_string}\"},\"query-input\":{\"@type\":\"PropertyValueSpecification\",\"valueRequired\":true,\"valueName\":\"search_term_string\"}}],\"inLanguage\":\"en-US\"}]}<\/script>\n<!-- \/ Yoast SEO Premium plugin. -->","yoast_head_json":{"title":"PRX Eprom Kopyalama &amp; PCB Klonlama Hizmetleri","description":"EEprom Kopyalama, Eprom Kopyalama ,PCB Klonlama, PCB , PCB Kopyalama ,PCB \u00dcretimi, PCB Prototipleme, Entegre Kopyalama, Entegre, \u0130\u015flemci Kopyalama, Flash Kopyalama, Mikrodenetleyici , Mikrodenetleyici kopyalama, Mikrodenetleyici Mikroskopi G\u00f6r\u00fcnt\u00fcleme,- Bios Kopyalama, Eprom Programlama, Eprom Programlama Cihazlar\u0131, kart tamiri, elektronik kart tamiri, kart tamiri, s\u00fcr\u00fcc\u00fc tamiri, malzeme sat\u0131\u015f\u0131, kart imalat\u0131, teknik servis, elimizdeki mevcut epromlar\u0131n \u00e7al\u0131\u015f\u0131p \u00e7al\u0131\u015fmad\u0131\u011f\u0131n\u0131 anlamak , eprom testini yapacak yada yedekten kopyalayacak programlar, \u00c7ip Kopyalama, Programl\u0131 entegre klonlama, programl\u0131 entegre kopyalama, EEprom Copy, Eprom Copy, PCB Cloning, PCB, PCB Copy, PCB Manufacturing, PCB Prototyping, Integrated Copy, Integrated, Processor Copy, Flash Copy, Microcontroller, MCU Copy , Chip Copy, Programmed IC Copy, Programmed Integrated Circuits Copy, Microcontroller Microscopy Display, - Bios Copy, Eprom Programming, Eprom Programming Devices , card repair, electronic card repair, card repair, driver repair, material sales, card manufacturing, technical service, to understand whether the eproms we have are working, programs to do the eprom test or write from backup","robots":{"index":"index","follow":"follow","max-snippet":"max-snippet:-1","max-image-preview":"max-image-preview:large","max-video-preview":"max-video-preview:-1"},"canonical":"https:\/\/epromkopyalama.com\/en\/tenx\/","og_locale":"en_US","og_type":"article","og_title":"TENX MICROCONTROLLER UNLOCK","og_description":"EEprom Kopyalama, Eprom Kopyalama ,PCB Klonlama, PCB , PCB Kopyalama ,PCB \u00dcretimi, PCB Prototipleme, Entegre Kopyalama, Entegre, \u0130\u015flemci Kopyalama, Flash Kopyalama, Mikrodenetleyici , Mikrodenetleyici kopyalama, Mikrodenetleyici Mikroskopi G\u00f6r\u00fcnt\u00fcleme,- Bios Kopyalama, Eprom Programlama, Eprom Programlama Cihazlar\u0131, kart tamiri, elektronik kart tamiri, kart tamiri, s\u00fcr\u00fcc\u00fc tamiri, malzeme sat\u0131\u015f\u0131, kart imalat\u0131, teknik servis, elimizdeki mevcut epromlar\u0131n \u00e7al\u0131\u015f\u0131p \u00e7al\u0131\u015fmad\u0131\u011f\u0131n\u0131 anlamak , eprom testini yapacak yada yedekten kopyalayacak programlar, \u00c7ip Kopyalama, Programl\u0131 entegre klonlama, programl\u0131 entegre kopyalama, EEprom Copy, Eprom Copy, PCB Cloning, PCB, PCB Copy, PCB Manufacturing, PCB Prototyping, Integrated Copy, Integrated, Processor Copy, Flash Copy, Microcontroller, MCU Copy , Chip Copy, Programmed IC Copy, Programmed Integrated Circuits Copy, Microcontroller Microscopy Display, - Bios Copy, Eprom Programming, Eprom Programming Devices , card repair, electronic card repair, card repair, driver repair, material sales, card manufacturing, technical service, to understand whether the eproms we have are working, programs to do the eprom test or write from backup","og_url":"https:\/\/epromkopyalama.com\/en\/tenx\/","og_site_name":"PRX Eprom Kopyalama &amp; PCB Klonlama Hizmetleri","article_modified_time":"2021-02-16T17:56:53+00:00","twitter_card":"summary_large_image","twitter_misc":{"Est. reading time":"4 minutes"},"schema":{"@context":"https:\/\/schema.org","@graph":[{"@type":"WebPage","@id":"https:\/\/epromkopyalama.com\/en\/tenx\/","url":"https:\/\/epromkopyalama.com\/en\/tenx\/","name":"PRX Eprom Kopyalama &amp; PCB Klonlama Hizmetleri","isPartOf":{"@id":"https:\/\/epromkopyalama.com\/en\/#website"},"datePublished":"2021-02-16T17:56:39+00:00","dateModified":"2021-02-16T17:56:53+00:00","description":"EEprom Kopyalama, Eprom Kopyalama ,PCB Klonlama, PCB , PCB Kopyalama ,PCB \u00dcretimi, PCB Prototipleme, Entegre Kopyalama, Entegre, \u0130\u015flemci Kopyalama, Flash Kopyalama, Mikrodenetleyici , Mikrodenetleyici kopyalama, Mikrodenetleyici Mikroskopi G\u00f6r\u00fcnt\u00fcleme,- Bios Kopyalama, Eprom Programlama, Eprom Programlama Cihazlar\u0131, kart tamiri, elektronik kart tamiri, kart tamiri, s\u00fcr\u00fcc\u00fc tamiri, malzeme sat\u0131\u015f\u0131, kart imalat\u0131, teknik servis, elimizdeki mevcut epromlar\u0131n \u00e7al\u0131\u015f\u0131p \u00e7al\u0131\u015fmad\u0131\u011f\u0131n\u0131 anlamak , eprom testini yapacak yada yedekten kopyalayacak programlar, \u00c7ip Kopyalama, Programl\u0131 entegre klonlama, programl\u0131 entegre kopyalama, EEprom Copy, Eprom Copy, PCB Cloning, PCB, PCB Copy, PCB Manufacturing, PCB Prototyping, Integrated Copy, Integrated, Processor Copy, Flash Copy, Microcontroller, MCU Copy , Chip Copy, Programmed IC Copy, Programmed Integrated Circuits Copy, Microcontroller Microscopy Display, - Bios Copy, Eprom Programming, Eprom Programming Devices , card repair, electronic card repair, card repair, driver repair, material sales, card manufacturing, technical service, to understand whether the eproms we have are working, programs to do the eprom test or write from backup","breadcrumb":{"@id":"https:\/\/epromkopyalama.com\/en\/tenx\/#breadcrumb"},"inLanguage":"en-US","potentialAction":[{"@type":"ReadAction","target":["https:\/\/epromkopyalama.com\/en\/tenx\/"]}]},{"@type":"BreadcrumbList","@id":"https:\/\/epromkopyalama.com\/en\/tenx\/#breadcrumb","itemListElement":[{"@type":"ListItem","position":1,"name":"Eprom Kopyalama PCB Kopyalama","item":"https:\/\/epromkopyalama.com\/en\/"},{"@type":"ListItem","position":2,"name":"TENX MICROCONTROLLER UNLOCK"}]},{"@type":"WebSite","@id":"https:\/\/epromkopyalama.com\/en\/#website","url":"https:\/\/epromkopyalama.com\/en\/","name":"PRX Eprom Kopyalama &amp; PCB Klonlama Hizmetleri","description":"PRX Eprom Kopyalama &amp; PCB Klonlama Hizmetleri","potentialAction":[{"@type":"SearchAction","target":{"@type":"EntryPoint","urlTemplate":"https:\/\/epromkopyalama.com\/en\/?s={search_term_string}"},"query-input":{"@type":"PropertyValueSpecification","valueRequired":true,"valueName":"search_term_string"}}],"inLanguage":"en-US"}]}},"_links":{"self":[{"href":"https:\/\/epromkopyalama.com\/en\/wp-json\/wp\/v2\/pages\/289","targetHints":{"allow":["GET"]}}],"collection":[{"href":"https:\/\/epromkopyalama.com\/en\/wp-json\/wp\/v2\/pages"}],"about":[{"href":"https:\/\/epromkopyalama.com\/en\/wp-json\/wp\/v2\/types\/page"}],"author":[{"embeddable":true,"href":"https:\/\/epromkopyalama.com\/en\/wp-json\/wp\/v2\/users\/1"}],"replies":[{"embeddable":true,"href":"https:\/\/epromkopyalama.com\/en\/wp-json\/wp\/v2\/comments?post=289"}],"version-history":[{"count":2,"href":"https:\/\/epromkopyalama.com\/en\/wp-json\/wp\/v2\/pages\/289\/revisions"}],"predecessor-version":[{"id":307,"href":"https:\/\/epromkopyalama.com\/en\/wp-json\/wp\/v2\/pages\/289\/revisions\/307"}],"wp:attachment":[{"href":"https:\/\/epromkopyalama.com\/en\/wp-json\/wp\/v2\/media?parent=289"}],"curies":[{"name":"wp","href":"https:\/\/api.w.org\/{rel}","templated":true}]}}